{"id":154,"date":"2015-09-11T10:38:05","date_gmt":"2015-09-11T08:38:05","guid":{"rendered":"http:\/\/oto-akustik.de\/?page_id=154"},"modified":"2022-08-09T09:22:49","modified_gmt":"2022-08-09T07:22:49","slug":"sandwichbleche","status":"publish","type":"page","link":"https:\/\/www.oto-akustik.de\/en\/produkte\/sandwichbleche\/","title":{"rendered":"Sound damping metal sheets"},"content":{"rendered":"<div class=\"fusion-fullwidth fullwidth-box fusion-builder-row-1 fusion-flex-container hundred-percent-fullwidth non-hundred-percent-height-scrolling\" style=\"background-color: rgba(255,255,255,0);background-position: center center;background-repeat: no-repeat;border-width: 0px 0px 0px 0px;border-color:#eae9e9;border-style:solid;\" ><div class=\"fusion-builder-row fusion-row fusion-flex-align-items-flex-start\" style=\"width:calc( 100% + 0px ) !important;max-width:calc( 100% + 0px ) !important;margin-left: calc(-0px \/ 2 );margin-right: calc(-0px \/ 2 );\"><div class=\"fusion-layout-column fusion_builder_column fusion-builder-column-0 fusion_builder_column_1_1 1_1 fusion-flex-column fusion-flex-align-self-flex-start fusion-column-no-min-height\"><div class=\"fusion-column-wrapper fusion-flex-justify-content-flex-start fusion-content-layout-column\" style=\"background-position:left top;background-repeat:no-repeat;-webkit-background-size:cover;-moz-background-size:cover;-o-background-size:cover;background-size:cover;padding: 0px 0px 0px 0px;\">\n<h2>Our sandwich panels:<br \/>\nOTO-Acoustic panel and antiphon MPM<\/h2>\n<p><strong>The current price list of sandwich plates of OTO-acoustic technology can be found here.<\/strong><\/p>\n<div class=\"column\">\n<p>Structure-borne sound damping sandwich plates reduce the spread of the structure-borne noise and air-borne noise with the principle of clamped interlayer. antiphon\u00ae MPM \u2122 is the most effective material for sound insulation and soundproofing.<\/p>\n<\/div>\n<div class=\"column right\">\n<p><strong>antiphon\u00ae MPM\u2122 is available in the following dimensions:<\/strong><\/p>\n<div class=\"su-list\" style=\"margin-left:0px\">\n<ul>\n<li><i class=\"sui sui-arrows-alt\" style=\"color:#248C83\"><\/i> <strong>2.000 x 1.000 mm<\/strong><\/li>\n<li><i class=\"sui sui-arrows-alt\" style=\"color:#248C83\"><\/i> <strong>2.500 x 1.250 mm<\/strong><\/li>\n<li><i class=\"sui sui-arrows-alt\" style=\"color:#248C83\"><\/i> <strong>3.000 x 1.500 mm<\/strong><\/li>\n<\/ul>\n<\/div>\n<h3>Sandwich sheets the effective solution for a body soundproofing<\/h3>\n<p>The thickness ranges up to six millimeters. The price depends on the design and thickness and can therefore be determined only on request.<\/p>\n<p>Contact OTO-acoustic technology to obtain an individual price information concerning our material antiphon\u00ae MPM \u2122. We are for you to achieve under the (0049) 0208 203,001th<\/p>\n<p>Other designs in stainless steel and all common surfaces are available from OTO-acoustic technology. Even cost-saving special designs such as a thin stainless steel sheet are possible. We also supply individual sandwich plates.<\/p>\n<div class=\"su-row\">\n<div class=\"su-column su-column-size-1-4\"><div class=\"su-column-inner su-u-clearfix su-u-trim\">\n<p><a href=\"http:\/\/oto-akustik.de\/wp-content\/uploads\/2015\/09\/sandwichblech1.jpeg\"><img decoding=\"async\" class=\"alignnone size-medium wp-image-174\" src=\"http:\/\/oto-akustik.de\/wp-content\/uploads\/2015\/09\/sandwichblech1_thump.jpg\" alt=\"sandwichblech1\" width=\"225\" height=\"225\" \/><\/a><\/p>\n<\/div><\/div>\n<div class=\"su-column su-column-size-1-4\"><div class=\"su-column-inner su-u-clearfix su-u-trim\">\n<p><a href=\"http:\/\/oto-akustik.de\/wp-content\/uploads\/2015\/09\/sandwichblech2.jpeg\"><img decoding=\"async\" class=\"alignnone size-medium wp-image-175\" src=\"http:\/\/oto-akustik.de\/wp-content\/uploads\/2015\/09\/sandwichblech2_thump.jpg\" alt=\"sandwichblech2\" width=\"225\" height=\"225\" \/><\/a><\/p>\n<\/div><\/div>\n<div class=\"su-column su-column-size-1-4\"><div class=\"su-column-inner su-u-clearfix su-u-trim\">\n<p><a href=\"http:\/\/oto-akustik.de\/wp-content\/uploads\/2015\/09\/sandwichblech3.jpeg\"><img decoding=\"async\" class=\"alignnone size-medium wp-image-176\" src=\"http:\/\/oto-akustik.de\/wp-content\/uploads\/2015\/09\/sandwichblech3_thump.jpg\" alt=\"sandwichblech3\" width=\"225\" height=\"225\" \/><\/a><\/p>\n<\/div><\/div>\n<div class=\"su-column su-column-size-1-4\"><div class=\"su-column-inner su-u-clearfix su-u-trim\">\n<p><a href=\"http:\/\/oto-akustik.de\/wp-content\/uploads\/2015\/09\/sandwichblech4.jpeg\"><img decoding=\"async\" class=\"alignnone size-medium wp-image-173\" src=\"http:\/\/oto-akustik.de\/wp-content\/uploads\/2015\/09\/sandwichblech4_thump.jpg\" alt=\"sandwichblech4\" width=\"225\" height=\"225\" \/><\/a><\/p>\n<\/div><\/div>\n<\/div>\n<\/div>\n<\/div><style type=\"text\/css\">.fusion-body .fusion-builder-column-0{width:100% !important;margin-top : 0px;margin-bottom : 0px;}.fusion-builder-column-0 > .fusion-column-wrapper {padding-top : 0px !important;padding-right : 0px !important;margin-right : 0px;padding-bottom : 0px !important;padding-left : 0px !important;margin-left : 0px;}@media only screen and (max-width:1024px) {.fusion-body .fusion-builder-column-0{width:100% !important;}.fusion-builder-column-0 > .fusion-column-wrapper {margin-right : 0px;margin-left : 0px;}}@media only screen and (max-width:640px) {.fusion-body .fusion-builder-column-0{width:100% !important;}.fusion-builder-column-0 > .fusion-column-wrapper {margin-right : 0px;margin-left : 0px;}}<\/style><\/div><\/div><style type=\"text\/css\">.fusion-fullwidth.fusion-builder-row-1 { overflow:visible; }.fusion-body .fusion-flex-container.fusion-builder-row-1{ padding-top : 0px;margin-top : 0px;padding-right : 0px;padding-bottom : 0px;margin-bottom : 0px;padding-left : 0px;}<\/style><\/div>","protected":false},"excerpt":{"rendered":"","protected":false},"author":1,"featured_media":0,"parent":18,"menu_order":0,"comment_status":"closed","ping_status":"closed","template":"","meta":{"footnotes":""},"yoast_head":"<!-- This site is optimized with the Yoast SEO plugin v22.7 - https:\/\/yoast.com\/wordpress\/plugins\/seo\/ -->\n<title>Sandwichbleche - OTO-Akustiktechnik in Oberhausen<\/title>\n<meta name=\"description\" content=\"Sandwichbleche: K\u00f6rperschalld\u00e4mpfende Sandwichbleche reduzieren die Ausbreitung des K\u00f6rperschalls und Luftschalls mit dem Prinzip der eingespannten Zwischen\" \/>\n<meta name=\"robots\" content=\"index, follow, max-snippet:-1, max-image-preview:large, max-video-preview:-1\" \/>\n<link rel=\"canonical\" href=\"https:\/\/www.oto-akustik.de\/produkte\/sandwichbleche\/\" \/>\n<meta property=\"og:locale\" content=\"en_US\" \/>\n<meta property=\"og:type\" content=\"article\" \/>\n<meta property=\"og:title\" content=\"Sandwichbleche - OTO-Akustiktechnik in Oberhausen\" \/>\n<meta property=\"og:description\" content=\"Sandwichbleche: K\u00f6rperschalld\u00e4mpfende Sandwichbleche reduzieren die Ausbreitung des K\u00f6rperschalls und Luftschalls mit dem Prinzip der eingespannten Zwischen\" \/>\n<meta property=\"og:url\" content=\"https:\/\/www.oto-akustik.de\/produkte\/sandwichbleche\/\" \/>\n<meta property=\"og:site_name\" content=\"OTO-Akustiktechnik in Oberhausen\" \/>\n<meta property=\"article:modified_time\" content=\"2022-08-09T07:22:49+00:00\" \/>\n<meta property=\"og:image\" content=\"http:\/\/oto-akustik.de\/wp-content\/uploads\/2015\/09\/sandwichblech1_thump.jpg\" \/>\n<meta name=\"twitter:card\" content=\"summary_large_image\" \/>\n<meta name=\"twitter:label1\" content=\"Est. reading time\" \/>\n\t<meta name=\"twitter:data1\" content=\"2 minutes\" \/>\n<script type=\"application\/ld+json\" class=\"yoast-schema-graph\">{\"@context\":\"https:\/\/schema.org\",\"@graph\":[{\"@type\":\"WebPage\",\"@id\":\"https:\/\/www.oto-akustik.de\/produkte\/sandwichbleche\/\",\"url\":\"https:\/\/www.oto-akustik.de\/produkte\/sandwichbleche\/\",\"name\":\"Sandwichbleche - OTO-Akustiktechnik in Oberhausen\",\"isPartOf\":{\"@id\":\"https:\/\/www.oto-akustik.de\/#website\"},\"primaryImageOfPage\":{\"@id\":\"https:\/\/www.oto-akustik.de\/produkte\/sandwichbleche\/#primaryimage\"},\"image\":{\"@id\":\"https:\/\/www.oto-akustik.de\/produkte\/sandwichbleche\/#primaryimage\"},\"thumbnailUrl\":\"http:\/\/oto-akustik.de\/wp-content\/uploads\/2015\/09\/sandwichblech1_thump.jpg\",\"datePublished\":\"2015-09-11T08:38:05+00:00\",\"dateModified\":\"2022-08-09T07:22:49+00:00\",\"description\":\"Sandwichbleche: K\u00f6rperschalld\u00e4mpfende Sandwichbleche reduzieren die Ausbreitung des K\u00f6rperschalls und Luftschalls mit dem Prinzip der eingespannten Zwischen\",\"breadcrumb\":{\"@id\":\"https:\/\/www.oto-akustik.de\/produkte\/sandwichbleche\/#breadcrumb\"},\"inLanguage\":\"en-US\",\"potentialAction\":[{\"@type\":\"ReadAction\",\"target\":[\"https:\/\/www.oto-akustik.de\/produkte\/sandwichbleche\/\"]}]},{\"@type\":\"ImageObject\",\"inLanguage\":\"en-US\",\"@id\":\"https:\/\/www.oto-akustik.de\/produkte\/sandwichbleche\/#primaryimage\",\"url\":\"http:\/\/oto-akustik.de\/wp-content\/uploads\/2015\/09\/sandwichblech1_thump.jpg\",\"contentUrl\":\"http:\/\/oto-akustik.de\/wp-content\/uploads\/2015\/09\/sandwichblech1_thump.jpg\"},{\"@type\":\"BreadcrumbList\",\"@id\":\"https:\/\/www.oto-akustik.de\/produkte\/sandwichbleche\/#breadcrumb\",\"itemListElement\":[{\"@type\":\"ListItem\",\"position\":1,\"name\":\"Home\",\"item\":\"https:\/\/www.oto-akustik.de\/\"},{\"@type\":\"ListItem\",\"position\":2,\"name\":\"Produkte\",\"item\":\"https:\/\/www.oto-akustik.de\/produkte\/\"},{\"@type\":\"ListItem\",\"position\":3,\"name\":\"Sandwichbleche\"}]},{\"@type\":\"WebSite\",\"@id\":\"https:\/\/www.oto-akustik.de\/#website\",\"url\":\"https:\/\/www.oto-akustik.de\/\",\"name\":\"OTO-Akustiktechnik in Oberhausen\",\"description\":\"\",\"potentialAction\":[{\"@type\":\"SearchAction\",\"target\":{\"@type\":\"EntryPoint\",\"urlTemplate\":\"https:\/\/www.oto-akustik.de\/?s={search_term_string}\"},\"query-input\":\"required name=search_term_string\"}],\"inLanguage\":\"en-US\"}]}<\/script>\n<!-- \/ Yoast SEO plugin. -->","yoast_head_json":{"title":"Sandwichbleche - OTO-Akustiktechnik in Oberhausen","description":"Sandwichbleche: K\u00f6rperschalld\u00e4mpfende Sandwichbleche reduzieren die Ausbreitung des K\u00f6rperschalls und Luftschalls mit dem Prinzip der eingespannten Zwischen","robots":{"index":"index","follow":"follow","max-snippet":"max-snippet:-1","max-image-preview":"max-image-preview:large","max-video-preview":"max-video-preview:-1"},"canonical":"https:\/\/www.oto-akustik.de\/produkte\/sandwichbleche\/","og_locale":"en_US","og_type":"article","og_title":"Sandwichbleche - OTO-Akustiktechnik in Oberhausen","og_description":"Sandwichbleche: K\u00f6rperschalld\u00e4mpfende Sandwichbleche reduzieren die Ausbreitung des K\u00f6rperschalls und Luftschalls mit dem Prinzip der eingespannten Zwischen","og_url":"https:\/\/www.oto-akustik.de\/produkte\/sandwichbleche\/","og_site_name":"OTO-Akustiktechnik in Oberhausen","article_modified_time":"2022-08-09T07:22:49+00:00","og_image":[{"url":"http:\/\/oto-akustik.de\/wp-content\/uploads\/2015\/09\/sandwichblech1_thump.jpg"}],"twitter_card":"summary_large_image","twitter_misc":{"Est. reading time":"2 minutes"},"schema":{"@context":"https:\/\/schema.org","@graph":[{"@type":"WebPage","@id":"https:\/\/www.oto-akustik.de\/produkte\/sandwichbleche\/","url":"https:\/\/www.oto-akustik.de\/produkte\/sandwichbleche\/","name":"Sandwichbleche - OTO-Akustiktechnik in Oberhausen","isPartOf":{"@id":"https:\/\/www.oto-akustik.de\/#website"},"primaryImageOfPage":{"@id":"https:\/\/www.oto-akustik.de\/produkte\/sandwichbleche\/#primaryimage"},"image":{"@id":"https:\/\/www.oto-akustik.de\/produkte\/sandwichbleche\/#primaryimage"},"thumbnailUrl":"http:\/\/oto-akustik.de\/wp-content\/uploads\/2015\/09\/sandwichblech1_thump.jpg","datePublished":"2015-09-11T08:38:05+00:00","dateModified":"2022-08-09T07:22:49+00:00","description":"Sandwichbleche: K\u00f6rperschalld\u00e4mpfende Sandwichbleche reduzieren die Ausbreitung des K\u00f6rperschalls und Luftschalls mit dem Prinzip der eingespannten Zwischen","breadcrumb":{"@id":"https:\/\/www.oto-akustik.de\/produkte\/sandwichbleche\/#breadcrumb"},"inLanguage":"en-US","potentialAction":[{"@type":"ReadAction","target":["https:\/\/www.oto-akustik.de\/produkte\/sandwichbleche\/"]}]},{"@type":"ImageObject","inLanguage":"en-US","@id":"https:\/\/www.oto-akustik.de\/produkte\/sandwichbleche\/#primaryimage","url":"http:\/\/oto-akustik.de\/wp-content\/uploads\/2015\/09\/sandwichblech1_thump.jpg","contentUrl":"http:\/\/oto-akustik.de\/wp-content\/uploads\/2015\/09\/sandwichblech1_thump.jpg"},{"@type":"BreadcrumbList","@id":"https:\/\/www.oto-akustik.de\/produkte\/sandwichbleche\/#breadcrumb","itemListElement":[{"@type":"ListItem","position":1,"name":"Home","item":"https:\/\/www.oto-akustik.de\/"},{"@type":"ListItem","position":2,"name":"Produkte","item":"https:\/\/www.oto-akustik.de\/produkte\/"},{"@type":"ListItem","position":3,"name":"Sandwichbleche"}]},{"@type":"WebSite","@id":"https:\/\/www.oto-akustik.de\/#website","url":"https:\/\/www.oto-akustik.de\/","name":"OTO-Akustiktechnik in Oberhausen","description":"","potentialAction":[{"@type":"SearchAction","target":{"@type":"EntryPoint","urlTemplate":"https:\/\/www.oto-akustik.de\/?s={search_term_string}"},"query-input":"required name=search_term_string"}],"inLanguage":"en-US"}]}},"_links":{"self":[{"href":"https:\/\/www.oto-akustik.de\/en\/wp-json\/wp\/v2\/pages\/154"}],"collection":[{"href":"https:\/\/www.oto-akustik.de\/en\/wp-json\/wp\/v2\/pages"}],"about":[{"href":"https:\/\/www.oto-akustik.de\/en\/wp-json\/wp\/v2\/types\/page"}],"author":[{"embeddable":true,"href":"https:\/\/www.oto-akustik.de\/en\/wp-json\/wp\/v2\/users\/1"}],"replies":[{"embeddable":true,"href":"https:\/\/www.oto-akustik.de\/en\/wp-json\/wp\/v2\/comments?post=154"}],"version-history":[{"count":12,"href":"https:\/\/www.oto-akustik.de\/en\/wp-json\/wp\/v2\/pages\/154\/revisions"}],"predecessor-version":[{"id":324,"href":"https:\/\/www.oto-akustik.de\/en\/wp-json\/wp\/v2\/pages\/154\/revisions\/324"}],"up":[{"embeddable":true,"href":"https:\/\/www.oto-akustik.de\/en\/wp-json\/wp\/v2\/pages\/18"}],"wp:attachment":[{"href":"https:\/\/www.oto-akustik.de\/en\/wp-json\/wp\/v2\/media?parent=154"}],"curies":[{"name":"wp","href":"https:\/\/api.w.org\/{rel}","templated":true}]}}