{"id":158,"date":"2015-09-11T10:38:44","date_gmt":"2015-09-11T08:38:44","guid":{"rendered":"http:\/\/oto-akustik.de\/?page_id=158"},"modified":"2022-08-09T09:22:49","modified_gmt":"2022-08-09T07:22:49","slug":"bitumenschwerfolien","status":"publish","type":"page","link":"https:\/\/www.oto-akustik.de\/en\/produkte\/bitumenschwerfolien\/","title":{"rendered":"Bitumen heavy layers"},"content":{"rendered":"<div class=\"fusion-fullwidth fullwidth-box fusion-builder-row-1 fusion-flex-container hundred-percent-fullwidth non-hundred-percent-height-scrolling\" style=\"background-color: rgba(255,255,255,0);background-position: center center;background-repeat: no-repeat;border-width: 0px 0px 0px 0px;border-color:#eae9e9;border-style:solid;\" ><div class=\"fusion-builder-row fusion-row fusion-flex-align-items-flex-start\" style=\"width:calc( 100% + 0px ) !important;max-width:calc( 100% + 0px ) !important;margin-left: calc(-0px \/ 2 );margin-right: calc(-0px \/ 2 );\"><div class=\"fusion-layout-column fusion_builder_column fusion-builder-column-0 fusion_builder_column_1_1 1_1 fusion-flex-column fusion-flex-align-self-flex-start fusion-column-no-min-height\"><div class=\"fusion-column-wrapper fusion-flex-justify-content-flex-start fusion-content-layout-column\" style=\"background-position:left top;background-repeat:no-repeat;-webkit-background-size:cover;-moz-background-size:cover;-o-background-size:cover;background-size:cover;padding: 0px 0px 0px 0px;\">\n<h2>Heavy films from OTO-Akustiktechnik<\/h2>\n<h3>Heavy films dams as the bitumen heavy layers and a deadening effect in various strengths<\/h3>\n<div class=\"column\">\n<p>OTO-Akustiktechnik can offer you a wide range of heavy foil. In our assortment we have different strengths, which guarantee the right sound for each sound source.<\/p>\n<\/div>\n<div class=\"column right\">\n<p>See also our car audio package that is tailored for you and agree with the quality and price.<\/p>\n<div class=\"su-divider su-divider-style-default\" style=\"margin:15px 0;border-width:1px;border-color:#dddddd\"><\/div>\n<p>All heavy sheets of OTO-acoustic technique are self-adhesive and malleable when heated. They adapt easily to all curvatures. Furthermore, the heavy sheets are excellent for sound deadening and mass increase of thin-walled sheets. For this reason, find their application in heavy foil car doors, trunk lids, in the roof and floor area, at wheel arches and in many other areas of everyday life.<\/p>\n<p>OTO-Akustiktechnik offers the following strengths of the heavy sheets of:<\/p>\n<div class=\"su-row\">\n<div class=\"su-column su-column-size-1-2\"><div class=\"su-column-inner su-u-clearfix su-u-trim\">\n<h3>Bitumen heavy layers 2,6<\/h3>\n<\/div><\/div>\n<div class=\"su-column su-column-size-1-2\"><div class=\"su-column-inner su-u-clearfix su-u-trim\">\n<h3>Bitumen heavy layers 4,2<\/h3>\n<\/div><\/div>\n<\/div>\n<div class=\"su-row\">\n<div class=\"su-column su-column-size-1-4\"><div class=\"su-column-inner su-u-clearfix su-u-trim\">\n<p><a href=\"http:\/\/oto-akustik.de\/wp-content\/uploads\/2015\/09\/bitumenschwerfolie261.jpg\"><img decoding=\"async\" class=\"alignnone size-medium wp-image-201\" src=\"http:\/\/oto-akustik.de\/wp-content\/uploads\/2015\/09\/bitumenschwerfolie261-225x300.jpg\" alt=\"bitumenschwerfolie261\" width=\"225\" height=\"300\" srcset=\"https:\/\/www.oto-akustik.de\/wp-content\/uploads\/2015\/09\/bitumenschwerfolie261-225x300.jpg 225w, https:\/\/www.oto-akustik.de\/wp-content\/uploads\/2015\/09\/bitumenschwerfolie261.jpg 450w\" sizes=\"(max-width: 225px) 100vw, 225px\" \/><\/a><\/p>\n<\/div><\/div>\n<div class=\"su-column su-column-size-1-4\"><div class=\"su-column-inner su-u-clearfix su-u-trim\">\n<p><a href=\"http:\/\/oto-akustik.de\/wp-content\/uploads\/2015\/09\/bitumenschwerfolie421.jpg\"><img decoding=\"async\" class=\"alignnone size-medium wp-image-203\" src=\"http:\/\/oto-akustik.de\/wp-content\/uploads\/2015\/09\/bitumenschwerfolie421-225x300.jpg\" alt=\"bitumenschwerfolie421\" width=\"225\" height=\"300\" srcset=\"https:\/\/www.oto-akustik.de\/wp-content\/uploads\/2015\/09\/bitumenschwerfolie421-225x300.jpg 225w, https:\/\/www.oto-akustik.de\/wp-content\/uploads\/2015\/09\/bitumenschwerfolie421-768x1024.jpg 768w, https:\/\/www.oto-akustik.de\/wp-content\/uploads\/2015\/09\/bitumenschwerfolie421.jpg 2448w\" sizes=\"(max-width: 225px) 100vw, 225px\" \/><\/a><\/p>\n<\/div><\/div>\n<div class=\"su-column su-column-size-1-4\"><div class=\"su-column-inner su-u-clearfix su-u-trim\">\n<p><a href=\"http:\/\/oto-akustik.de\/wp-content\/uploads\/2015\/09\/bitumenschwerfolie262.jpg\"><img decoding=\"async\" class=\"alignnone size-medium wp-image-202\" src=\"http:\/\/oto-akustik.de\/wp-content\/uploads\/2015\/09\/bitumenschwerfolie262-225x300.jpg\" alt=\"bitumenschwerfolie262\" width=\"225\" height=\"300\" srcset=\"https:\/\/www.oto-akustik.de\/wp-content\/uploads\/2015\/09\/bitumenschwerfolie262-225x300.jpg 225w, https:\/\/www.oto-akustik.de\/wp-content\/uploads\/2015\/09\/bitumenschwerfolie262.jpg 450w\" sizes=\"(max-width: 225px) 100vw, 225px\" \/><\/a><\/p>\n<\/div><\/div>\n<div class=\"su-column su-column-size-1-4\"><div class=\"su-column-inner su-u-clearfix su-u-trim\">\n<p><a href=\"http:\/\/oto-akustik.de\/wp-content\/uploads\/2015\/09\/bitumenschwerfolie422.jpg\"><img decoding=\"async\" class=\"alignnone size-medium wp-image-198\" src=\"http:\/\/oto-akustik.de\/wp-content\/uploads\/2015\/09\/bitumenschwerfolie422-225x300.jpg\" alt=\"bitumenschwerfolie422\" width=\"225\" height=\"300\" srcset=\"https:\/\/www.oto-akustik.de\/wp-content\/uploads\/2015\/09\/bitumenschwerfolie422-225x300.jpg 225w, https:\/\/www.oto-akustik.de\/wp-content\/uploads\/2015\/09\/bitumenschwerfolie422.jpg 450w\" sizes=\"(max-width: 225px) 100vw, 225px\" \/><\/a><\/p>\n<\/div><\/div>\n<\/div>\n<div class=\"su-row\">\n<div class=\"su-column su-column-size-1-2\"><div class=\"su-column-inner su-u-clearfix su-u-trim\">\n<p>Raw format circa 1.020 x 1.020 mm<br \/>\nStrength 2,6 mm = 5 kg\/m\u00b2<br \/>\nBlanks and <a href=\"\/en\/schnitt-stanzteile\/\">stampings<\/a> available on request<\/p>\n<\/div><\/div>\n<div class=\"su-column su-column-size-1-2\"><div class=\"su-column-inner su-u-clearfix su-u-trim\">\n<p>Raw format circa 1.020 x 1.020 mm<br \/>\nStrength 4,2 mm = 8 kg\/m\u00b2<br \/>\nBlanks\u00a0and\u00a0<a href=\"\/en\/schnitt-stanzteile\/\">stampings<\/a> available on request<\/p>\n<\/div><\/div>\n<\/div>\n<div class=\"su-row\">\n<div class=\"su-column su-column-size-1-4\"><div class=\"su-column-inner su-u-clearfix su-u-trim\">\n<h3>Bitumen heavy layers 5,2<\/h3>\n<p><a href=\"http:\/\/oto-akustik.de\/wp-content\/uploads\/2015\/09\/bitumenschwerfolie521.jpg\"><img decoding=\"async\" class=\"alignnone size-medium wp-image-199\" src=\"http:\/\/oto-akustik.de\/wp-content\/uploads\/2015\/09\/bitumenschwerfolie521-225x300.jpg\" alt=\"bitumenschwerfolie521\" width=\"225\" height=\"300\" srcset=\"https:\/\/www.oto-akustik.de\/wp-content\/uploads\/2015\/09\/bitumenschwerfolie521-225x300.jpg 225w, https:\/\/www.oto-akustik.de\/wp-content\/uploads\/2015\/09\/bitumenschwerfolie521.jpg 450w\" sizes=\"(max-width: 225px) 100vw, 225px\" \/><\/a><\/p>\n<p>Raw format circa 1.020 x 1.020 mm<br \/>\nStrength 5,5 mm = 10 kg\/m\u00b2<br \/>\nBlanks\u00a0and\u00a0<a href=\"\/en\/schnitt-stanzteile\/\">stampings<\/a> available on request<\/p>\n<\/div><\/div>\n<div class=\"su-column su-column-size-1-4\"><div class=\"su-column-inner su-u-clearfix su-u-trim\">\n<h3 style=\"color: transparent;\">.<\/h3>\n<p><a href=\"http:\/\/oto-akustik.de\/wp-content\/uploads\/2015\/09\/bitumenschwerfolie522.jpg\"><img decoding=\"async\" class=\"alignnone size-medium wp-image-200\" src=\"http:\/\/oto-akustik.de\/wp-content\/uploads\/2015\/09\/bitumenschwerfolie522-225x300.jpg\" alt=\"bitumenschwerfolie522\" width=\"225\" height=\"300\" srcset=\"https:\/\/www.oto-akustik.de\/wp-content\/uploads\/2015\/09\/bitumenschwerfolie522-225x300.jpg 225w, https:\/\/www.oto-akustik.de\/wp-content\/uploads\/2015\/09\/bitumenschwerfolie522.jpg 450w\" sizes=\"(max-width: 225px) 100vw, 225px\" \/><\/a><\/p>\n<\/div><\/div>\n<div class=\"su-column su-column-size-1-2\"><div class=\"su-column-inner su-u-clearfix su-u-trim\">\n<h3>Car-Hifi package: self-adhesive heavy films for your car<\/h3>\n<p>The team of OTO-Akustiktechnik<\/p>\n<p>equipping your car with an extra tailored for you car audio package. Here, too, it is self-adhesive films heavy, which is deformable when heated. It adapts easily to the arches of your car.<\/p>\n<p>By car hifi package of OTO-acoustic technology to achieve the anti-drumming and increasing mass of thin-walled metal sheets. You can use it versatile in your car. It is suitable for car doors, boot lid and wheel arches.<\/p>\n<p>If you have any further questions, please consult for advice.<\/p>\n<p>Please also see our insulation of speaker boxes with <a href=\"\/en\/schallabsorbermaterial\/\">polyester fleece<\/a>.<\/p>\n<p>The car audio package OTO-Akustiktechnik includes:<br \/>\nContent: 50 pieces<br \/>\nFormat: circa 200 x 500 mm<br \/>\nStrength: 2,6 mm = 5kg\/m\u00b2<br \/>\nPrice: 74,99 Euro<\/p>\n<p>The price of the car hifi package understood plus VAT, packaging and shipping.<\/p>\n<\/div><\/div>\n<\/div>\n<\/div>\n<\/div><style type=\"text\/css\">.fusion-body .fusion-builder-column-0{width:100% !important;margin-top : 0px;margin-bottom : 0px;}.fusion-builder-column-0 > .fusion-column-wrapper {padding-top : 0px !important;padding-right : 0px !important;margin-right : 0px;padding-bottom : 0px !important;padding-left : 0px !important;margin-left : 0px;}@media only screen and (max-width:1024px) {.fusion-body .fusion-builder-column-0{width:100% !important;}.fusion-builder-column-0 > .fusion-column-wrapper {margin-right : 0px;margin-left : 0px;}}@media only screen and (max-width:640px) {.fusion-body .fusion-builder-column-0{width:100% !important;}.fusion-builder-column-0 > .fusion-column-wrapper {margin-right : 0px;margin-left : 0px;}}<\/style><\/div><\/div><style type=\"text\/css\">.fusion-fullwidth.fusion-builder-row-1 { overflow:visible; }.fusion-body .fusion-flex-container.fusion-builder-row-1{ padding-top : 0px;margin-top : 0px;padding-right : 0px;padding-bottom : 0px;margin-bottom : 0px;padding-left : 0px;}<\/style><\/div>","protected":false},"excerpt":{"rendered":"","protected":false},"author":1,"featured_media":0,"parent":18,"menu_order":0,"comment_status":"closed","ping_status":"closed","template":"","meta":{"footnotes":""},"yoast_head":"<!-- This site is optimized with the Yoast SEO plugin v22.7 - https:\/\/yoast.com\/wordpress\/plugins\/seo\/ -->\n<title>Bitumenschwerfolien - OTO-Akustiktechnik in Oberhausen<\/title>\n<meta name=\"description\" content=\"Bitumenschwerfolien: Schwerfolien wie die Bitumenschwerfolie d\u00e4mmen und entdr\u00f6hnen in verschiedenen St\u00e4rken. OTO-Akustiktechnik kann Ihnen eine gro\u00dfe Auswah\" \/>\n<meta name=\"robots\" content=\"index, follow, max-snippet:-1, max-image-preview:large, max-video-preview:-1\" \/>\n<link rel=\"canonical\" href=\"https:\/\/www.oto-akustik.de\/produkte\/bitumenschwerfolien\/\" \/>\n<meta property=\"og:locale\" content=\"en_US\" \/>\n<meta property=\"og:type\" content=\"article\" \/>\n<meta property=\"og:title\" content=\"Bitumenschwerfolien - OTO-Akustiktechnik in Oberhausen\" \/>\n<meta property=\"og:description\" content=\"Bitumenschwerfolien: Schwerfolien wie die Bitumenschwerfolie d\u00e4mmen und entdr\u00f6hnen in verschiedenen St\u00e4rken. OTO-Akustiktechnik kann Ihnen eine gro\u00dfe Auswah\" \/>\n<meta property=\"og:url\" content=\"https:\/\/www.oto-akustik.de\/produkte\/bitumenschwerfolien\/\" \/>\n<meta property=\"og:site_name\" content=\"OTO-Akustiktechnik in Oberhausen\" \/>\n<meta property=\"article:modified_time\" content=\"2022-08-09T07:22:49+00:00\" \/>\n<meta property=\"og:image\" content=\"http:\/\/oto-akustik.de\/wp-content\/uploads\/2015\/09\/bitumenschwerfolie261-225x300.jpg\" \/>\n<meta name=\"twitter:card\" content=\"summary_large_image\" \/>\n<meta name=\"twitter:label1\" content=\"Est. reading time\" \/>\n\t<meta name=\"twitter:data1\" content=\"4 minutes\" \/>\n<script type=\"application\/ld+json\" class=\"yoast-schema-graph\">{\"@context\":\"https:\/\/schema.org\",\"@graph\":[{\"@type\":\"WebPage\",\"@id\":\"https:\/\/www.oto-akustik.de\/produkte\/bitumenschwerfolien\/\",\"url\":\"https:\/\/www.oto-akustik.de\/produkte\/bitumenschwerfolien\/\",\"name\":\"Bitumenschwerfolien - OTO-Akustiktechnik in Oberhausen\",\"isPartOf\":{\"@id\":\"https:\/\/www.oto-akustik.de\/#website\"},\"primaryImageOfPage\":{\"@id\":\"https:\/\/www.oto-akustik.de\/produkte\/bitumenschwerfolien\/#primaryimage\"},\"image\":{\"@id\":\"https:\/\/www.oto-akustik.de\/produkte\/bitumenschwerfolien\/#primaryimage\"},\"thumbnailUrl\":\"http:\/\/oto-akustik.de\/wp-content\/uploads\/2015\/09\/bitumenschwerfolie261-225x300.jpg\",\"datePublished\":\"2015-09-11T08:38:44+00:00\",\"dateModified\":\"2022-08-09T07:22:49+00:00\",\"description\":\"Bitumenschwerfolien: Schwerfolien wie die Bitumenschwerfolie d\u00e4mmen und entdr\u00f6hnen in verschiedenen St\u00e4rken. OTO-Akustiktechnik kann Ihnen eine gro\u00dfe Auswah\",\"breadcrumb\":{\"@id\":\"https:\/\/www.oto-akustik.de\/produkte\/bitumenschwerfolien\/#breadcrumb\"},\"inLanguage\":\"en-US\",\"potentialAction\":[{\"@type\":\"ReadAction\",\"target\":[\"https:\/\/www.oto-akustik.de\/produkte\/bitumenschwerfolien\/\"]}]},{\"@type\":\"ImageObject\",\"inLanguage\":\"en-US\",\"@id\":\"https:\/\/www.oto-akustik.de\/produkte\/bitumenschwerfolien\/#primaryimage\",\"url\":\"http:\/\/oto-akustik.de\/wp-content\/uploads\/2015\/09\/bitumenschwerfolie261-225x300.jpg\",\"contentUrl\":\"http:\/\/oto-akustik.de\/wp-content\/uploads\/2015\/09\/bitumenschwerfolie261-225x300.jpg\"},{\"@type\":\"BreadcrumbList\",\"@id\":\"https:\/\/www.oto-akustik.de\/produkte\/bitumenschwerfolien\/#breadcrumb\",\"itemListElement\":[{\"@type\":\"ListItem\",\"position\":1,\"name\":\"Home\",\"item\":\"https:\/\/www.oto-akustik.de\/\"},{\"@type\":\"ListItem\",\"position\":2,\"name\":\"Produkte\",\"item\":\"https:\/\/www.oto-akustik.de\/produkte\/\"},{\"@type\":\"ListItem\",\"position\":3,\"name\":\"Bitumenschwerfolien\"}]},{\"@type\":\"WebSite\",\"@id\":\"https:\/\/www.oto-akustik.de\/#website\",\"url\":\"https:\/\/www.oto-akustik.de\/\",\"name\":\"OTO-Akustiktechnik in Oberhausen\",\"description\":\"\",\"potentialAction\":[{\"@type\":\"SearchAction\",\"target\":{\"@type\":\"EntryPoint\",\"urlTemplate\":\"https:\/\/www.oto-akustik.de\/?s={search_term_string}\"},\"query-input\":\"required name=search_term_string\"}],\"inLanguage\":\"en-US\"}]}<\/script>\n<!-- \/ Yoast SEO plugin. -->","yoast_head_json":{"title":"Bitumenschwerfolien - OTO-Akustiktechnik in Oberhausen","description":"Bitumenschwerfolien: Schwerfolien wie die Bitumenschwerfolie d\u00e4mmen und entdr\u00f6hnen in verschiedenen St\u00e4rken. OTO-Akustiktechnik kann Ihnen eine gro\u00dfe Auswah","robots":{"index":"index","follow":"follow","max-snippet":"max-snippet:-1","max-image-preview":"max-image-preview:large","max-video-preview":"max-video-preview:-1"},"canonical":"https:\/\/www.oto-akustik.de\/produkte\/bitumenschwerfolien\/","og_locale":"en_US","og_type":"article","og_title":"Bitumenschwerfolien - OTO-Akustiktechnik in Oberhausen","og_description":"Bitumenschwerfolien: Schwerfolien wie die Bitumenschwerfolie d\u00e4mmen und entdr\u00f6hnen in verschiedenen St\u00e4rken. OTO-Akustiktechnik kann Ihnen eine gro\u00dfe Auswah","og_url":"https:\/\/www.oto-akustik.de\/produkte\/bitumenschwerfolien\/","og_site_name":"OTO-Akustiktechnik in Oberhausen","article_modified_time":"2022-08-09T07:22:49+00:00","og_image":[{"url":"http:\/\/oto-akustik.de\/wp-content\/uploads\/2015\/09\/bitumenschwerfolie261-225x300.jpg"}],"twitter_card":"summary_large_image","twitter_misc":{"Est. reading time":"4 minutes"},"schema":{"@context":"https:\/\/schema.org","@graph":[{"@type":"WebPage","@id":"https:\/\/www.oto-akustik.de\/produkte\/bitumenschwerfolien\/","url":"https:\/\/www.oto-akustik.de\/produkte\/bitumenschwerfolien\/","name":"Bitumenschwerfolien - OTO-Akustiktechnik in Oberhausen","isPartOf":{"@id":"https:\/\/www.oto-akustik.de\/#website"},"primaryImageOfPage":{"@id":"https:\/\/www.oto-akustik.de\/produkte\/bitumenschwerfolien\/#primaryimage"},"image":{"@id":"https:\/\/www.oto-akustik.de\/produkte\/bitumenschwerfolien\/#primaryimage"},"thumbnailUrl":"http:\/\/oto-akustik.de\/wp-content\/uploads\/2015\/09\/bitumenschwerfolie261-225x300.jpg","datePublished":"2015-09-11T08:38:44+00:00","dateModified":"2022-08-09T07:22:49+00:00","description":"Bitumenschwerfolien: Schwerfolien wie die Bitumenschwerfolie d\u00e4mmen und entdr\u00f6hnen in verschiedenen St\u00e4rken. OTO-Akustiktechnik kann Ihnen eine gro\u00dfe Auswah","breadcrumb":{"@id":"https:\/\/www.oto-akustik.de\/produkte\/bitumenschwerfolien\/#breadcrumb"},"inLanguage":"en-US","potentialAction":[{"@type":"ReadAction","target":["https:\/\/www.oto-akustik.de\/produkte\/bitumenschwerfolien\/"]}]},{"@type":"ImageObject","inLanguage":"en-US","@id":"https:\/\/www.oto-akustik.de\/produkte\/bitumenschwerfolien\/#primaryimage","url":"http:\/\/oto-akustik.de\/wp-content\/uploads\/2015\/09\/bitumenschwerfolie261-225x300.jpg","contentUrl":"http:\/\/oto-akustik.de\/wp-content\/uploads\/2015\/09\/bitumenschwerfolie261-225x300.jpg"},{"@type":"BreadcrumbList","@id":"https:\/\/www.oto-akustik.de\/produkte\/bitumenschwerfolien\/#breadcrumb","itemListElement":[{"@type":"ListItem","position":1,"name":"Home","item":"https:\/\/www.oto-akustik.de\/"},{"@type":"ListItem","position":2,"name":"Produkte","item":"https:\/\/www.oto-akustik.de\/produkte\/"},{"@type":"ListItem","position":3,"name":"Bitumenschwerfolien"}]},{"@type":"WebSite","@id":"https:\/\/www.oto-akustik.de\/#website","url":"https:\/\/www.oto-akustik.de\/","name":"OTO-Akustiktechnik in Oberhausen","description":"","potentialAction":[{"@type":"SearchAction","target":{"@type":"EntryPoint","urlTemplate":"https:\/\/www.oto-akustik.de\/?s={search_term_string}"},"query-input":"required name=search_term_string"}],"inLanguage":"en-US"}]}},"_links":{"self":[{"href":"https:\/\/www.oto-akustik.de\/en\/wp-json\/wp\/v2\/pages\/158"}],"collection":[{"href":"https:\/\/www.oto-akustik.de\/en\/wp-json\/wp\/v2\/pages"}],"about":[{"href":"https:\/\/www.oto-akustik.de\/en\/wp-json\/wp\/v2\/types\/page"}],"author":[{"embeddable":true,"href":"https:\/\/www.oto-akustik.de\/en\/wp-json\/wp\/v2\/users\/1"}],"replies":[{"embeddable":true,"href":"https:\/\/www.oto-akustik.de\/en\/wp-json\/wp\/v2\/comments?post=158"}],"version-history":[{"count":15,"href":"https:\/\/www.oto-akustik.de\/en\/wp-json\/wp\/v2\/pages\/158\/revisions"}],"predecessor-version":[{"id":322,"href":"https:\/\/www.oto-akustik.de\/en\/wp-json\/wp\/v2\/pages\/158\/revisions\/322"}],"up":[{"embeddable":true,"href":"https:\/\/www.oto-akustik.de\/en\/wp-json\/wp\/v2\/pages\/18"}],"wp:attachment":[{"href":"https:\/\/www.oto-akustik.de\/en\/wp-json\/wp\/v2\/media?parent=158"}],"curies":[{"name":"wp","href":"https:\/\/api.w.org\/{rel}","templated":true}]}}