{"id":161,"date":"2015-09-11T10:39:05","date_gmt":"2015-09-11T08:39:05","guid":{"rendered":"http:\/\/oto-akustik.de\/?page_id=161"},"modified":"2022-08-09T09:22:48","modified_gmt":"2022-08-09T07:22:48","slug":"daempfungspappen","status":"publish","type":"page","link":"https:\/\/www.oto-akustik.de\/en\/produkte\/daempfungspappen\/","title":{"rendered":"Sound damping pads"},"content":{"rendered":"<div class=\"fusion-fullwidth fullwidth-box fusion-builder-row-1 fusion-flex-container hundred-percent-fullwidth non-hundred-percent-height-scrolling\" style=\"background-color: rgba(255,255,255,0);background-position: center center;background-repeat: no-repeat;border-width: 0px 0px 0px 0px;border-color:#eae9e9;border-style:solid;\" ><div class=\"fusion-builder-row fusion-row fusion-flex-align-items-flex-start\" style=\"width:calc( 100% + 0px ) !important;max-width:calc( 100% + 0px ) !important;margin-left: calc(-0px \/ 2 );margin-right: calc(-0px \/ 2 );\"><div class=\"fusion-layout-column fusion_builder_column fusion-builder-column-0 fusion_builder_column_1_1 1_1 fusion-flex-column fusion-flex-align-self-flex-start fusion-column-no-min-height\"><div class=\"fusion-column-wrapper fusion-flex-justify-content-flex-start fusion-content-layout-column\" style=\"background-position:left top;background-repeat:no-repeat;-webkit-background-size:cover;-moz-background-size:cover;-o-background-size:cover;background-size:cover;padding: 0px 0px 0px 0px;\">\n<h2>Optimal sound with the damping paperboard OTO Acoustic Technology<\/h2>\n<h3>With the attenuation of paperboard OTO-Akustik dams and minimize noise<\/h3>\n<div class=\"column\">\n<p>The noise-insulating and self-adhesive damping paperboard OTO-Akustiktechnik are ideal for sound insulation. Due to their special mica surface coating, they provide high levels of sound insulation in.<\/p>\n<\/div>\n<div class=\"column right\">\n<p>The damping paperboard OTO-Akustiktechnik are particularly suitable for the sound and vibration damping of sheet metal, plastic and plywood structures.<\/p>\n<div class=\"su-divider su-divider-style-default\" style=\"margin:15px 0;border-width:1px;border-color:#dddddd\"><\/div>\n<div class=\"su-row\">\n<div class=\"su-column su-column-size-1-2\"><div class=\"su-column-inner su-u-clearfix su-u-trim\">\n<h3>Noise &amp; vibration damping mat LD 13<\/h3>\n<\/div><\/div>\n<div class=\"su-column su-column-size-1-2\"><div class=\"su-column-inner su-u-clearfix su-u-trim\">\n<h3>Noise &amp; vibration damping mat LD 17<\/h3>\n<\/div><\/div>\n<\/div>\n<div class=\"su-row\">\n<div class=\"su-column su-column-size-1-4\"><div class=\"su-column-inner su-u-clearfix su-u-trim\">\n<p><a href=\"http:\/\/oto-akustik.de\/wp-content\/uploads\/2015\/09\/ld131.jpg\"><img decoding=\"async\" class=\"alignnone size-medium wp-image-217\" src=\"http:\/\/oto-akustik.de\/wp-content\/uploads\/2015\/09\/ld131-225x300.jpg\" alt=\"ld131\" width=\"225\" height=\"300\" srcset=\"https:\/\/www.oto-akustik.de\/wp-content\/uploads\/2015\/09\/ld131-225x300.jpg 225w, https:\/\/www.oto-akustik.de\/wp-content\/uploads\/2015\/09\/ld131.jpg 450w\" sizes=\"(max-width: 225px) 100vw, 225px\" \/><\/a><\/p>\n<\/div><\/div>\n<div class=\"su-column su-column-size-1-4\"><div class=\"su-column-inner su-u-clearfix su-u-trim\">\n<p><a href=\"http:\/\/oto-akustik.de\/wp-content\/uploads\/2015\/09\/ld132.jpg\"><img decoding=\"async\" class=\"alignnone size-medium wp-image-218\" src=\"http:\/\/oto-akustik.de\/wp-content\/uploads\/2015\/09\/ld132-225x300.jpg\" alt=\"ld132\" width=\"225\" height=\"300\" srcset=\"https:\/\/www.oto-akustik.de\/wp-content\/uploads\/2015\/09\/ld132-225x300.jpg 225w, https:\/\/www.oto-akustik.de\/wp-content\/uploads\/2015\/09\/ld132.jpg 450w\" sizes=\"(max-width: 225px) 100vw, 225px\" \/><\/a><\/p>\n<\/div><\/div>\n<div class=\"su-column su-column-size-1-4\"><div class=\"su-column-inner su-u-clearfix su-u-trim\">\n<p><a href=\"http:\/\/oto-akustik.de\/wp-content\/uploads\/2015\/09\/ld171.jpg\"><img decoding=\"async\" class=\"alignnone size-medium wp-image-219\" src=\"http:\/\/oto-akustik.de\/wp-content\/uploads\/2015\/09\/ld171-225x300.jpg\" alt=\"ld171\" width=\"225\" height=\"300\" srcset=\"https:\/\/www.oto-akustik.de\/wp-content\/uploads\/2015\/09\/ld171-225x300.jpg 225w, https:\/\/www.oto-akustik.de\/wp-content\/uploads\/2015\/09\/ld171.jpg 450w\" sizes=\"(max-width: 225px) 100vw, 225px\" \/><\/a><\/p>\n<\/div><\/div>\n<div class=\"su-column su-column-size-1-4\"><div class=\"su-column-inner su-u-clearfix su-u-trim\">\n<p><a href=\"http:\/\/oto-akustik.de\/wp-content\/uploads\/2015\/09\/ld172.jpg\"><img decoding=\"async\" class=\"alignnone size-medium wp-image-216\" src=\"http:\/\/oto-akustik.de\/wp-content\/uploads\/2015\/09\/ld172-225x300.jpg\" alt=\"ld172\" width=\"225\" height=\"300\" srcset=\"https:\/\/www.oto-akustik.de\/wp-content\/uploads\/2015\/09\/ld172-225x300.jpg 225w, https:\/\/www.oto-akustik.de\/wp-content\/uploads\/2015\/09\/ld172.jpg 450w\" sizes=\"(max-width: 225px) 100vw, 225px\" \/><\/a><\/p>\n<\/div><\/div>\n<\/div>\n<div class=\"su-row\">\n<div class=\"su-column su-column-size-1-2\"><div class=\"su-column-inner su-u-clearfix su-u-trim\">\n<p>LD 13 can withstand short high baking temperatures of about 200 degrees Celsius and is therefore properly be painted over.<\/p>\n<div class=\"su-list\" style=\"margin-left:0px\">\n<ul>\n<li><i class=\"sui sui-arrow-right\" style=\"color:#248C83\"><\/i> Strength: 1,7 mm<\/li>\n<li><i class=\"sui sui-arrow-right\" style=\"color:#248C83\"><\/i> Continuous temperature stability of -30\u00b0C bis 120\u00b0C<\/li>\n<li><i class=\"sui sui-arrow-right\" style=\"color:#248C83\"><\/i> Dimensions raw format\u00a0circa 1.000 x 1.020 mm<\/li>\n<\/ul>\n<\/div>\n<p>OTO-Akustiktechnik manufactures blanks and stampings, according to your personal wish.<\/p>\n<\/div><\/div>\n<div class=\"su-column su-column-size-1-2\"><div class=\"su-column-inner su-u-clearfix su-u-trim\">\n<p>LD 17 can withstand short high baking temperatures of about 200 degrees Celsius and is therefore properly be painted over.<\/p>\n<div class=\"su-list\" style=\"margin-left:0px\">\n<ul>\n<li><i class=\"sui sui-arrow-right\" style=\"color:#248C83\"><\/i> Strength: 2,6 mm<\/li>\n<li><i class=\"sui sui-arrow-right\" style=\"color:#248C83\"><\/i> Continuous temperature stability of -30\u00b0C bis 120\u00b0C<\/li>\n<li><i class=\"sui sui-arrow-right\" style=\"color:#248C83\"><\/i> Dimensions raw format\u00a0circa 1.000 x 1.020 mm<\/li>\n<\/ul>\n<\/div>\n<p>OTO-Akustiktechnik fmanufactures blanks and <a href=\"\/en\/schnitt-stanzteile\/\">stampings<\/a>, according to your personal wish.<\/p>\n<\/div><\/div>\n<\/div>\n<\/div>\n<\/div><style type=\"text\/css\">.fusion-body .fusion-builder-column-0{width:100% !important;margin-top : 0px;margin-bottom : 0px;}.fusion-builder-column-0 > .fusion-column-wrapper {padding-top : 0px !important;padding-right : 0px !important;margin-right : 0px;padding-bottom : 0px !important;padding-left : 0px !important;margin-left : 0px;}@media only screen and (max-width:1024px) {.fusion-body .fusion-builder-column-0{width:100% !important;}.fusion-builder-column-0 > .fusion-column-wrapper {margin-right : 0px;margin-left : 0px;}}@media only screen and (max-width:640px) {.fusion-body .fusion-builder-column-0{width:100% !important;}.fusion-builder-column-0 > .fusion-column-wrapper {margin-right : 0px;margin-left : 0px;}}<\/style><\/div><\/div><style type=\"text\/css\">.fusion-fullwidth.fusion-builder-row-1 { overflow:visible; }.fusion-body .fusion-flex-container.fusion-builder-row-1{ padding-top : 0px;margin-top : 0px;padding-right : 0px;padding-bottom : 0px;margin-bottom : 0px;padding-left : 0px;}<\/style><\/div>","protected":false},"excerpt":{"rendered":"","protected":false},"author":1,"featured_media":0,"parent":18,"menu_order":0,"comment_status":"closed","ping_status":"closed","template":"","meta":{"footnotes":""},"yoast_head":"<!-- This site is optimized with the Yoast SEO plugin v22.7 - https:\/\/yoast.com\/wordpress\/plugins\/seo\/ -->\n<title>D\u00e4mpfungspappen - OTO-Akustiktechnik in Oberhausen<\/title>\n<meta name=\"description\" content=\"D\u00e4mpfungspappen: Die k\u00f6rperschalld\u00e4mpfenden und selbstklebenden D\u00e4mpfungspappen von OTO-Akustiktechnik sind ideal zur Schalld\u00e4mmung geeignet.\" \/>\n<meta name=\"robots\" content=\"index, follow, max-snippet:-1, max-image-preview:large, max-video-preview:-1\" \/>\n<link rel=\"canonical\" href=\"https:\/\/www.oto-akustik.de\/produkte\/daempfungspappen\/\" \/>\n<meta property=\"og:locale\" content=\"en_US\" \/>\n<meta property=\"og:type\" content=\"article\" \/>\n<meta property=\"og:title\" content=\"D\u00e4mpfungspappen - OTO-Akustiktechnik in Oberhausen\" \/>\n<meta property=\"og:description\" content=\"D\u00e4mpfungspappen: Die k\u00f6rperschalld\u00e4mpfenden und selbstklebenden D\u00e4mpfungspappen von OTO-Akustiktechnik sind ideal zur Schalld\u00e4mmung geeignet.\" \/>\n<meta property=\"og:url\" content=\"https:\/\/www.oto-akustik.de\/produkte\/daempfungspappen\/\" \/>\n<meta property=\"og:site_name\" content=\"OTO-Akustiktechnik in Oberhausen\" \/>\n<meta property=\"article:modified_time\" content=\"2022-08-09T07:22:48+00:00\" \/>\n<meta property=\"og:image\" content=\"http:\/\/oto-akustik.de\/wp-content\/uploads\/2015\/09\/ld131-225x300.jpg\" \/>\n<meta name=\"twitter:card\" content=\"summary_large_image\" \/>\n<meta name=\"twitter:label1\" content=\"Est. reading time\" \/>\n\t<meta name=\"twitter:data1\" content=\"3 minutes\" \/>\n<script type=\"application\/ld+json\" class=\"yoast-schema-graph\">{\"@context\":\"https:\/\/schema.org\",\"@graph\":[{\"@type\":\"WebPage\",\"@id\":\"https:\/\/www.oto-akustik.de\/produkte\/daempfungspappen\/\",\"url\":\"https:\/\/www.oto-akustik.de\/produkte\/daempfungspappen\/\",\"name\":\"D\u00e4mpfungspappen - OTO-Akustiktechnik in Oberhausen\",\"isPartOf\":{\"@id\":\"https:\/\/www.oto-akustik.de\/#website\"},\"primaryImageOfPage\":{\"@id\":\"https:\/\/www.oto-akustik.de\/produkte\/daempfungspappen\/#primaryimage\"},\"image\":{\"@id\":\"https:\/\/www.oto-akustik.de\/produkte\/daempfungspappen\/#primaryimage\"},\"thumbnailUrl\":\"http:\/\/oto-akustik.de\/wp-content\/uploads\/2015\/09\/ld131-225x300.jpg\",\"datePublished\":\"2015-09-11T08:39:05+00:00\",\"dateModified\":\"2022-08-09T07:22:48+00:00\",\"description\":\"D\u00e4mpfungspappen: Die k\u00f6rperschalld\u00e4mpfenden und selbstklebenden D\u00e4mpfungspappen von OTO-Akustiktechnik sind ideal zur Schalld\u00e4mmung geeignet.\",\"breadcrumb\":{\"@id\":\"https:\/\/www.oto-akustik.de\/produkte\/daempfungspappen\/#breadcrumb\"},\"inLanguage\":\"en-US\",\"potentialAction\":[{\"@type\":\"ReadAction\",\"target\":[\"https:\/\/www.oto-akustik.de\/produkte\/daempfungspappen\/\"]}]},{\"@type\":\"ImageObject\",\"inLanguage\":\"en-US\",\"@id\":\"https:\/\/www.oto-akustik.de\/produkte\/daempfungspappen\/#primaryimage\",\"url\":\"http:\/\/oto-akustik.de\/wp-content\/uploads\/2015\/09\/ld131-225x300.jpg\",\"contentUrl\":\"http:\/\/oto-akustik.de\/wp-content\/uploads\/2015\/09\/ld131-225x300.jpg\"},{\"@type\":\"BreadcrumbList\",\"@id\":\"https:\/\/www.oto-akustik.de\/produkte\/daempfungspappen\/#breadcrumb\",\"itemListElement\":[{\"@type\":\"ListItem\",\"position\":1,\"name\":\"Home\",\"item\":\"https:\/\/www.oto-akustik.de\/\"},{\"@type\":\"ListItem\",\"position\":2,\"name\":\"Produkte\",\"item\":\"https:\/\/www.oto-akustik.de\/produkte\/\"},{\"@type\":\"ListItem\",\"position\":3,\"name\":\"D\u00e4mpfungspappen\"}]},{\"@type\":\"WebSite\",\"@id\":\"https:\/\/www.oto-akustik.de\/#website\",\"url\":\"https:\/\/www.oto-akustik.de\/\",\"name\":\"OTO-Akustiktechnik in Oberhausen\",\"description\":\"\",\"potentialAction\":[{\"@type\":\"SearchAction\",\"target\":{\"@type\":\"EntryPoint\",\"urlTemplate\":\"https:\/\/www.oto-akustik.de\/?s={search_term_string}\"},\"query-input\":\"required name=search_term_string\"}],\"inLanguage\":\"en-US\"}]}<\/script>\n<!-- \/ Yoast SEO plugin. -->","yoast_head_json":{"title":"D\u00e4mpfungspappen - OTO-Akustiktechnik in Oberhausen","description":"D\u00e4mpfungspappen: Die k\u00f6rperschalld\u00e4mpfenden und selbstklebenden D\u00e4mpfungspappen von OTO-Akustiktechnik sind ideal zur Schalld\u00e4mmung geeignet.","robots":{"index":"index","follow":"follow","max-snippet":"max-snippet:-1","max-image-preview":"max-image-preview:large","max-video-preview":"max-video-preview:-1"},"canonical":"https:\/\/www.oto-akustik.de\/produkte\/daempfungspappen\/","og_locale":"en_US","og_type":"article","og_title":"D\u00e4mpfungspappen - OTO-Akustiktechnik in Oberhausen","og_description":"D\u00e4mpfungspappen: Die k\u00f6rperschalld\u00e4mpfenden und selbstklebenden D\u00e4mpfungspappen von OTO-Akustiktechnik sind ideal zur Schalld\u00e4mmung geeignet.","og_url":"https:\/\/www.oto-akustik.de\/produkte\/daempfungspappen\/","og_site_name":"OTO-Akustiktechnik in Oberhausen","article_modified_time":"2022-08-09T07:22:48+00:00","og_image":[{"url":"http:\/\/oto-akustik.de\/wp-content\/uploads\/2015\/09\/ld131-225x300.jpg"}],"twitter_card":"summary_large_image","twitter_misc":{"Est. reading time":"3 minutes"},"schema":{"@context":"https:\/\/schema.org","@graph":[{"@type":"WebPage","@id":"https:\/\/www.oto-akustik.de\/produkte\/daempfungspappen\/","url":"https:\/\/www.oto-akustik.de\/produkte\/daempfungspappen\/","name":"D\u00e4mpfungspappen - OTO-Akustiktechnik in Oberhausen","isPartOf":{"@id":"https:\/\/www.oto-akustik.de\/#website"},"primaryImageOfPage":{"@id":"https:\/\/www.oto-akustik.de\/produkte\/daempfungspappen\/#primaryimage"},"image":{"@id":"https:\/\/www.oto-akustik.de\/produkte\/daempfungspappen\/#primaryimage"},"thumbnailUrl":"http:\/\/oto-akustik.de\/wp-content\/uploads\/2015\/09\/ld131-225x300.jpg","datePublished":"2015-09-11T08:39:05+00:00","dateModified":"2022-08-09T07:22:48+00:00","description":"D\u00e4mpfungspappen: Die k\u00f6rperschalld\u00e4mpfenden und selbstklebenden D\u00e4mpfungspappen von OTO-Akustiktechnik sind ideal zur Schalld\u00e4mmung geeignet.","breadcrumb":{"@id":"https:\/\/www.oto-akustik.de\/produkte\/daempfungspappen\/#breadcrumb"},"inLanguage":"en-US","potentialAction":[{"@type":"ReadAction","target":["https:\/\/www.oto-akustik.de\/produkte\/daempfungspappen\/"]}]},{"@type":"ImageObject","inLanguage":"en-US","@id":"https:\/\/www.oto-akustik.de\/produkte\/daempfungspappen\/#primaryimage","url":"http:\/\/oto-akustik.de\/wp-content\/uploads\/2015\/09\/ld131-225x300.jpg","contentUrl":"http:\/\/oto-akustik.de\/wp-content\/uploads\/2015\/09\/ld131-225x300.jpg"},{"@type":"BreadcrumbList","@id":"https:\/\/www.oto-akustik.de\/produkte\/daempfungspappen\/#breadcrumb","itemListElement":[{"@type":"ListItem","position":1,"name":"Home","item":"https:\/\/www.oto-akustik.de\/"},{"@type":"ListItem","position":2,"name":"Produkte","item":"https:\/\/www.oto-akustik.de\/produkte\/"},{"@type":"ListItem","position":3,"name":"D\u00e4mpfungspappen"}]},{"@type":"WebSite","@id":"https:\/\/www.oto-akustik.de\/#website","url":"https:\/\/www.oto-akustik.de\/","name":"OTO-Akustiktechnik in Oberhausen","description":"","potentialAction":[{"@type":"SearchAction","target":{"@type":"EntryPoint","urlTemplate":"https:\/\/www.oto-akustik.de\/?s={search_term_string}"},"query-input":"required name=search_term_string"}],"inLanguage":"en-US"}]}},"_links":{"self":[{"href":"https:\/\/www.oto-akustik.de\/en\/wp-json\/wp\/v2\/pages\/161"}],"collection":[{"href":"https:\/\/www.oto-akustik.de\/en\/wp-json\/wp\/v2\/pages"}],"about":[{"href":"https:\/\/www.oto-akustik.de\/en\/wp-json\/wp\/v2\/types\/page"}],"author":[{"embeddable":true,"href":"https:\/\/www.oto-akustik.de\/en\/wp-json\/wp\/v2\/users\/1"}],"replies":[{"embeddable":true,"href":"https:\/\/www.oto-akustik.de\/en\/wp-json\/wp\/v2\/comments?post=161"}],"version-history":[{"count":4,"href":"https:\/\/www.oto-akustik.de\/en\/wp-json\/wp\/v2\/pages\/161\/revisions"}],"predecessor-version":[{"id":321,"href":"https:\/\/www.oto-akustik.de\/en\/wp-json\/wp\/v2\/pages\/161\/revisions\/321"}],"up":[{"embeddable":true,"href":"https:\/\/www.oto-akustik.de\/en\/wp-json\/wp\/v2\/pages\/18"}],"wp:attachment":[{"href":"https:\/\/www.oto-akustik.de\/en\/wp-json\/wp\/v2\/media?parent=161"}],"curies":[{"name":"wp","href":"https:\/\/api.w.org\/{rel}","templated":true}]}}